{"id":60,"date":"2018-02-17T23:15:11","date_gmt":"2018-02-17T23:15:11","guid":{"rendered":"http:\/\/demo.zantetheme.com\/?page_id=60"},"modified":"2024-02-06T14:03:45","modified_gmt":"2024-02-06T14:03:45","slug":"home-page","status":"publish","type":"page","link":"https:\/\/lacasarural.cat\/ca\/","title":{"rendered":"INICI"},"content":{"rendered":"<section class=\"wpb-content-wrapper\"><p>[vc_row content_placement=&#8221;top&#8221; css=&#8221;.vc_custom_1669283599223{margin-top: -60px !important;}&#8221;][vc_column][rev_slider_vc alias=&#8221;slider-1-1&#8243; el_class=&#8221;color-overlay-slider overlay-opacity-01&#8243;][\/vc_column][\/vc_row][vc_row css=&#8221;.vc_custom_1656520676891{padding-top: 50px !important;padding-bottom: 0px !important;}&#8221;][vc_column][vc_custom_heading text=&#8221;Benvinguts a Cal Sodhi&#8221; font_container=&#8221;tag:h1|font_size:70|text_align:center|color:%231f5f94&#8243; google_fonts=&#8221;font_family:Montez%3Aregular|font_style:400%20regular%3A400%3Anormal&#8221;][vc_custom_heading text=&#8221;Benvinguts a Les Valls d&#8217;Aguilar&#8221; font_container=&#8221;tag:h1|font_size:45|text_align:center|color:%23000000&#8243; google_fonts=&#8221;font_family:Montez%3Aregular|font_style:400%20regular%3A400%3Anormal&#8221;][vc_single_image image=&#8221;3921&#8243; img_size=&#8221;full&#8221; alignment=&#8221;center&#8221; css=&#8221;.vc_custom_1656321508643{padding-top: 15px !important;padding-bottom: -50px !important;}&#8221;][\/vc_column][\/vc_row][vc_section css=&#8221;.vc_custom_1669378357591{margin-top: 0px !important;margin-right: 0px !important;margin-bottom: 0px !important;padding-right: 0px !important;padding-bottom: 0px !important;background-color: #ffffff !important;}&#8221;][vc_row equal_height=&#8221;yes&#8221; content_placement=&#8221;middle&#8221;][vc_column width=&#8221;1\/2&#8243; css=&#8221;.vc_custom_1670007233096{padding-top: 40px !important;padding-right: 20px !important;padding-bottom: 40px !important;padding-left: 30px !important;background-color: #ffffff !important;}&#8221;][vc_column_text css=&#8221;.vc_custom_1676384668151{margin-bottom: 5px !important;padding-top: 20px !important;padding-right: 20px !important;}&#8221;]<\/p>\n<h1><span style=\"color: #1f5f94;\">CAL SODHI<\/span> <span style=\"color: #7e9fc9;\">D\u2019ARGESTUES<\/span><\/h1>\n<p class=\"p1\">En el petit poble d&#8217;Argestues, hi trobareu les nostres cases, una esgl\u00e9sia mil\u00b7len\u00e0ria, la granja d&#8217;ovelles i cabres dels nostres \u00fanics ve\u00efns que porten la granja, i la botigueta de productes de proximitat. El poblet es va quedar deshabitat en els anys\u00a0seixanta\u00a0i les antigues cases de pedra, llosa i fusta han estat rehabilitades amb molta cura per oferir-vos una estada inoblidable tot l&#8217;any. Al bell mig de la natura, envoltades de grans terrenys de la nostra propietat, us obren les portes perqu\u00e8 gaudiu dels vostres en un ambient c\u00e0lid i acollidor amb uns paisatges espectaculars.<\/p>\n<p>[\/vc_column_text]\r\n        \r\n        <style>\r\n\t\t\t\t#btn-container-zyJWp {\r\n\t\t\t\t\tfont-size: 15px;\r\n\t\t\t\t\tfont-weight: bold;\r\n\t\t\t\t}\r\n        #btn-zyJWp {\r\n        \tbackground: #7e9fc9;\r\n\t\t\t\t\tborder-style: solid;\r\n        \tborder-color: #f2f2f3;\r\n\t\t\t\t\tborder-width: 0px;\r\n        \tcolor: #ffffff;\r\n\t\t\t\t\tpadding: px 25px;\r\n\t\t\t\t\tborder-radius: 0px;\r\n\t\t\t\t\tfont-size: 15px;\r\n\t\t\t\t\tline-height: 15px;\r\n\t\t\t\t\t\t\t\t\t\t\t\t\t\t\tfont-weight: bold;\r\n        }\r\n\r\n\t\t\t\t#btn-zyJWp:hover {\r\n\t\t\t\t\tbackground: #1f5f94;\r\n\t\t\t\t\tborder-color: ;\r\n\t\t\t\t\tcolor: ;\r\n\t\t\t\t\t\t\t\t\t\tbox-shadow: 0 15px 30px rgba(0, 0, 0, 0.10);\r\n\t\t\t\t\t\t\t\t\t\t\t\t\t\t\t\t\t\t\t\t-ms-transform: translateY(-2px);\r\n\t\t\t\t\ttransform: translateY(-2px);\r\n\t\t\t\t\t-webkit-transform: translateY(-2px);\r\n\t\t\t\t\t\r\n\t\t\t\t}\r\n\r\n\t\t    #btn-zyJWp i {\r\n\t\t\t\t\tright: 14px;\r\n\t\t\t\t\tmargin-top: 0;\r\n\t\t\t\t\tvertical-align: middle;\r\n\t\t\t\t\tborder-radius: 50%;\r\n\t\t\t\t\tline-height: 20px;\r\n\t\t\t\t\theight: 20px;\r\n\t\t\t\t\twidth: 20px;\r\n\t\t\t\t\tbackground: ;\r\n\t\t\t\t\tmargin-left: 8px;\r\n\t\t\t\t\tmargin-right: 0;\r\n\t\t\t\t\tcolor: #ffffff;\r\n\t\t\t\t\tfont-size: 8px;\r\n\t\t\t\t\ttext-align: center;\r\n\t\t\t\t}\r\n\r\n\t\t\t\t #btn-zyJWp:hover i {\r\n\t\t\t\t \tbackground: ;\r\n\t\t\t\t\tcolor: ;\r\n\t\t\t\t }\r\n\r\n        <\/style>\r\n\r\n\t\t<!-- BUTTON -->\r\n        <div id=\"btn-container-zyJWp\" class=\"text-left\">\r\n\t\t\t\r\n\t\t\t\t\t<a href=\"https:\/\/lacasarural.cat\/ca\/argestues-catalan\/\" id=\"btn-zyJWp\" class=\"btn \" target=\"_self\">\r\n\t\t\t\t\t\tDescobreix\t\t\t\t\t\t\t\t\t\t\t\t<i class=\"fa fa-chevron-right\"><\/i>\r\n\t\t\t\t\t\t\t\t\t\t\t<\/a>\r\n\t\t\t\t\t        <\/div>\r\n\r\n        [\/vc_column][vc_column width=&#8221;1\/2&#8243; css=&#8221;.vc_custom_1676384112674{margin-left: -30px !important;}&#8221;][vc_single_image image=&#8221;6432&#8243; img_size=&#8221;full&#8221; alignment=&#8221;right&#8221;][\/vc_column][\/vc_row][vc_row content_placement=&#8221;middle&#8221; css=&#8221;.vc_custom_1669377673584{margin-top: -35px !important;}&#8221;][vc_column width=&#8221;1\/2&#8243; css=&#8221;.vc_custom_1676384554122{padding-top: 20px !important;padding-right: 20px !important;padding-bottom: 40px !important;padding-left: 20px !important;}&#8221; el_class=&#8221;vc_col-sm-push-6&#8243;][vc_column_text css=&#8221;.vc_custom_1676384757642{margin-bottom: 5px !important;padding-top: 10px !important;padding-right: 20px !important;}&#8221;]<\/p>\n<h1><span style=\"color: #1f5f94;\">CAL PASTISSER<\/span> <span style=\"color: #7e9fc9;\">DE TA\u00daS<\/span><\/h1>\n<p class=\"p1\">Nom\u00e9s una dotzena de persones\u00a0viuen\u00a0en el poblet de Ta\u00fas tot l&#8217;any. Est\u00e0 a tocar de la Reserva Natural de\u00a0Boumort. Els paisatges i la fauna que envolten la casa s\u00f3n espectaculars. Caminar pels voltants de Ta\u00fas ens ofereix el descobriment d&#8217;una biodiversitat nom\u00e9s comparable a la dels grans parcs naturals, ja que \u00e9s una zona molt a\u00efllada, poc poblada i desconeguda. \u00c9s molt habitual veure ramats de c\u00e9rvols quan es camina a primera hora del mat\u00ed o al vespre. La casa \u00e9s confortable i rom\u00e0ntica, un refugi delicat envoltat de natura d&#8217;alta muntanya. La banyera d&#8217;hidromassatge t\u00e9 vistes al bosc.<\/p>\n<p>[\/vc_column_text]\r\n        \r\n        <style>\r\n\t\t\t\t#btn-container-YRwIN {\r\n\t\t\t\t\tfont-size: 15px;\r\n\t\t\t\t\tfont-weight: bold;\r\n\t\t\t\t}\r\n        #btn-YRwIN {\r\n        \tbackground: #7e9fc9;\r\n\t\t\t\t\tborder-style: solid;\r\n        \tborder-color: #f2f2f3;\r\n\t\t\t\t\tborder-width: 0px;\r\n        \tcolor: #ffffff;\r\n\t\t\t\t\tpadding: px 25px;\r\n\t\t\t\t\tborder-radius: 0px;\r\n\t\t\t\t\tfont-size: 15px;\r\n\t\t\t\t\tline-height: 15px;\r\n\t\t\t\t\t\t\t\t\t\t\t\t\t\t\tfont-weight: bold;\r\n        }\r\n\r\n\t\t\t\t#btn-YRwIN:hover {\r\n\t\t\t\t\tbackground: #1f5f94;\r\n\t\t\t\t\tborder-color: ;\r\n\t\t\t\t\tcolor: ;\r\n\t\t\t\t\t\t\t\t\t\tbox-shadow: 0 15px 30px rgba(0, 0, 0, 0.10);\r\n\t\t\t\t\t\t\t\t\t\t\t\t\t\t\t\t\t\t\t\t-ms-transform: translateY(-2px);\r\n\t\t\t\t\ttransform: translateY(-2px);\r\n\t\t\t\t\t-webkit-transform: translateY(-2px);\r\n\t\t\t\t\t\r\n\t\t\t\t}\r\n\r\n\t\t    #btn-YRwIN i {\r\n\t\t\t\t\tright: 14px;\r\n\t\t\t\t\tmargin-top: 0;\r\n\t\t\t\t\tvertical-align: middle;\r\n\t\t\t\t\tborder-radius: 50%;\r\n\t\t\t\t\tline-height: 20px;\r\n\t\t\t\t\theight: 20px;\r\n\t\t\t\t\twidth: 20px;\r\n\t\t\t\t\tbackground: ;\r\n\t\t\t\t\tmargin-left: 8px;\r\n\t\t\t\t\tmargin-right: 0;\r\n\t\t\t\t\tcolor: #ffffff;\r\n\t\t\t\t\tfont-size: 8px;\r\n\t\t\t\t\ttext-align: center;\r\n\t\t\t\t}\r\n\r\n\t\t\t\t #btn-YRwIN:hover i {\r\n\t\t\t\t \tbackground: ;\r\n\t\t\t\t\tcolor: #ffffff;\r\n\t\t\t\t }\r\n\r\n        <\/style>\r\n\r\n\t\t<!-- BUTTON -->\r\n        <div id=\"btn-container-YRwIN\" class=\"text-left\">\r\n\t\t\t\r\n\t\t\t\t\t<a href=\"https:\/\/lacasarural.cat\/ca\/cal-pastisser-catalan\/\" id=\"btn-YRwIN\" class=\"btn \" target=\"_self\">\r\n\t\t\t\t\t\tDescobreix\t\t\t\t\t\t\t\t\t\t\t\t<i class=\"fa fa-chevron-right\"><\/i>\r\n\t\t\t\t\t\t\t\t\t\t\t<\/a>\r\n\t\t\t\t\t        <\/div>\r\n\r\n        [\/vc_column][vc_column width=&#8221;1\/2&#8243; css=&#8221;.vc_custom_1669295522333{margin-left: -15px !important;}&#8221; el_class=&#8221;vc_col-sm-pull-6&#8243;][vc_single_image image=&#8221;3629&#8243; img_size=&#8221;full&#8221;][\/vc_column][\/vc_row][vc_row content_placement=&#8221;middle&#8221; css=&#8221;.vc_custom_1676385003200{margin-top: -35px !important;margin-bottom: 25px !important;}&#8221;][vc_column width=&#8221;1\/2&#8243; css=&#8221;.vc_custom_1669424182486{padding-top: 40px !important;padding-right: 20px !important;padding-bottom: 10px !important;padding-left: 30px !important;background-color: #ffffff !important;}&#8221;][vc_column_text css=&#8221;.vc_custom_1676384807353{margin-bottom: 5px !important;padding-top: 20px !important;padding-right: 20px !important;}&#8221;]<\/p>\n<h1><span style=\"color: #1f5f94;\">LA BORDA DEL FEU<\/span> <span style=\"color: #7e9fc9;\">A LA GU\u00c0RDIA D\u2019ARES<\/span><\/h1>\n<p class=\"p1\">Aquesta tradicional masia catalana de muntanya es troba en la vall habitada m\u00e9s alta de Catalunya. Est\u00e0 envoltada de prats i boscos, amb el riu molt a prop. La natura i la fauna \u00e9s espl\u00e8ndida. Sovint podem veure els c\u00e9rvols a tocar de casa. Aquest \u00e9s territori de bolets i de cabirols, guineus, senglars, voltors, \u00e0guiles. La Borda del Feu t\u00e9 grans jardins ben cuidats amb una piscina d&#8217;\u00fas exclusiu pel vostre grup, i una banyera n\u00f2rdica on l&#8217;aigua s&#8217;escalfa amb llenya. Podeu relaxar-vos i gaudir del silenci de l&#8217;alta muntanya en un entorn natural de gran bellesa.<\/p>\n<p>[\/vc_column_text]\r\n        \r\n        <style>\r\n\t\t\t\t#btn-container-LYi0b {\r\n\t\t\t\t\tfont-size: 15px;\r\n\t\t\t\t\tfont-weight: bold;\r\n\t\t\t\t}\r\n        #btn-LYi0b {\r\n        \tbackground: #7e9fc9;\r\n\t\t\t\t\tborder-style: solid;\r\n        \tborder-color: #f2f2f3;\r\n\t\t\t\t\tborder-width: 0px;\r\n        \tcolor: #ffffff;\r\n\t\t\t\t\tpadding: px 25px;\r\n\t\t\t\t\tborder-radius: 0px;\r\n\t\t\t\t\tfont-size: 15px;\r\n\t\t\t\t\tline-height: 15px;\r\n\t\t\t\t\t\t\t\t\t\t\t\t\t\t\tfont-weight: bold;\r\n        }\r\n\r\n\t\t\t\t#btn-LYi0b:hover {\r\n\t\t\t\t\tbackground: #1f5f94;\r\n\t\t\t\t\tborder-color: ;\r\n\t\t\t\t\tcolor: ;\r\n\t\t\t\t\t\t\t\t\t\tbox-shadow: 0 15px 30px rgba(0, 0, 0, 0.10);\r\n\t\t\t\t\t\t\t\t\t\t\t\t\t\t\t\t\t\t\t\t-ms-transform: translateY(-2px);\r\n\t\t\t\t\ttransform: translateY(-2px);\r\n\t\t\t\t\t-webkit-transform: translateY(-2px);\r\n\t\t\t\t\t\r\n\t\t\t\t}\r\n\r\n\t\t    #btn-LYi0b i {\r\n\t\t\t\t\tright: 14px;\r\n\t\t\t\t\tmargin-top: 0;\r\n\t\t\t\t\tvertical-align: middle;\r\n\t\t\t\t\tborder-radius: 50%;\r\n\t\t\t\t\tline-height: 20px;\r\n\t\t\t\t\theight: 20px;\r\n\t\t\t\t\twidth: 20px;\r\n\t\t\t\t\tbackground: ;\r\n\t\t\t\t\tmargin-left: 8px;\r\n\t\t\t\t\tmargin-right: 0;\r\n\t\t\t\t\tcolor: #ffffff;\r\n\t\t\t\t\tfont-size: 8px;\r\n\t\t\t\t\ttext-align: center;\r\n\t\t\t\t}\r\n\r\n\t\t\t\t #btn-LYi0b:hover i {\r\n\t\t\t\t \tbackground: ;\r\n\t\t\t\t\tcolor: #ffffff;\r\n\t\t\t\t }\r\n\r\n        <\/style>\r\n\r\n\t\t<!-- BUTTON -->\r\n        <div id=\"btn-container-LYi0b\" class=\"text-left\">\r\n\t\t\t\r\n\t\t\t\t\t<a href=\"https:\/\/lacasarural.cat\/ca\/la-borda-del-feu-catalan\/\" id=\"btn-LYi0b\" class=\"btn \" target=\"_self\">\r\n\t\t\t\t\t\tDescobreix\t\t\t\t\t\t\t\t\t\t\t\t<i class=\"fa fa-chevron-right\"><\/i>\r\n\t\t\t\t\t\t\t\t\t\t\t<\/a>\r\n\t\t\t\t\t        <\/div>\r\n\r\n        [\/vc_column][vc_column width=&#8221;1\/2&#8243; css=&#8221;.vc_custom_1655930184334{margin-left: -30px !important;}&#8221;][vc_single_image image=&#8221;3634&#8243; img_size=&#8221;full&#8221; css=&#8221;.vc_custom_1656411284415{margin-bottom: 0px !important;}&#8221;][\/vc_column][\/vc_row][\/vc_section][vc_row css=&#8221;.vc_custom_1676384970103{margin-top: 60px !important;}&#8221;][vc_column][vc_custom_heading text=&#8221;L&#8217;entorn&#8221; font_container=&#8221;tag:h1|font_size:70|text_align:center|color:%231f5f94&#8243; google_fonts=&#8221;font_family:Montez%3Aregular|font_style:400%20regular%3A400%3Anormal&#8221; css=&#8221;.vc_custom_1656497360652{margin-bottom: -25px !important;padding-bottom: -25px !important;}&#8221;][vc_single_image image=&#8221;3921&#8243; img_size=&#8221;full&#8221; alignment=&#8221;center&#8221; css=&#8221;.vc_custom_1656321508643{padding-top: 15px !important;padding-bottom: -50px !important;}&#8221;][\/vc_column][\/vc_row][vc_row full_width=&#8221;stretch_row_content_no_spaces&#8221; content_placement=&#8221;middle&#8221;][vc_column width=&#8221;1\/2&#8243; css=&#8221;.vc_custom_1689765715330{background-image: url(https:\/\/lacasarural.cat\/wp-content\/uploads\/2022\/11\/foto-video-argestues-2.jpg?id=6499) !important;background-position: center !important;background-repeat: no-repeat !important;background-size: cover !important;}&#8221;][vc_custom_heading text=&#8221;al voltant d&#8217;Argestues&#8221; font_container=&#8221;tag:h1|font_size:45|text_align:center|color:%23d7eaf4&#8243; google_fonts=&#8221;font_family:Montez%3Aregular|font_style:400%20regular%3A400%3Anormal&#8221; css=&#8221;.vc_custom_1668506823593{margin-bottom: -15px !important;padding-top: 20px !important;padding-bottom: -25px !important;}&#8221;]\r\n        <div class=\"video_popup\">\r\n            <a class=\"popup-vimeo\" href=\"https:\/\/www.youtube.com\/watch?v=di0TrfGxPec\"><i class=\"las la-play\"><\/i><\/a>\r\n        <\/div>\r\n\r\n        [\/vc_column][vc_column width=&#8221;1\/2&#8243; css=&#8221;.vc_custom_1689765805516{background-image: url(https:\/\/lacasarural.cat\/wp-content\/uploads\/2022\/11\/brama-video.jpg?id=6782) !important;background-position: center !important;background-repeat: no-repeat !important;background-size: cover !important;}&#8221;][vc_custom_heading text=&#8221;al voltant de Ta\u00fas i La Gu\u00e0rdia d&#8217;Ares&#8221; font_container=&#8221;tag:h1|font_size:45|text_align:center|color:%23d0dab6&#8243; google_fonts=&#8221;font_family:Montez%3Aregular|font_style:400%20regular%3A400%3Anormal&#8221; css=&#8221;.vc_custom_1662664134858{margin-bottom: -15px !important;padding-top: 20px !important;padding-bottom: -25px !important;}&#8221;]\r\n        <div class=\"video_popup\">\r\n            <a class=\"popup-vimeo\" href=\"https:\/\/vimeo.com\/248534430\"><i class=\"las la-play\"><\/i><\/a>\r\n        <\/div>\r\n\r\n        [\/vc_column][\/vc_row][vc_row css=&#8221;.vc_custom_1657878916221{margin-top: 60px !important;}&#8221;][vc_column][vc_custom_heading text=&#8221;Activitats&#8221; font_container=&#8221;tag:h1|font_size:70|text_align:center|color:%231f5f94&#8243; google_fonts=&#8221;font_family:Montez%3Aregular|font_style:400%20regular%3A400%3Anormal&#8221; css=&#8221;.vc_custom_1657359311916{margin-bottom: -25px !important;padding-bottom: -25px !important;}&#8221;][vc_single_image image=&#8221;3921&#8243; img_size=&#8221;full&#8221; alignment=&#8221;center&#8221; css=&#8221;.vc_custom_1662664536717{margin-bottom: -15px !important;padding-top: 15px !important;padding-bottom: -50px !important;}&#8221;][\/vc_column][\/vc_row][vc_row full_width=&#8221;stretch_row&#8221; css=&#8221;.vc_custom_1657820031924{padding-top: 40px !important;}&#8221;][vc_column][vc_wp_text][\/vc_wp_text][vc_column_text]<\/p>\n<div class=\"ibe\" data-region=\"emea\" data-channelcode=\"calsodhidirect\" data-widget=\"property_check_availability\"><\/div>\n<p>[\/vc_column_text][\/vc_column][\/vc_row]<\/p>\n<\/section>","protected":false},"excerpt":{"rendered":"<p>[vc_row content_placement=&#8221;top&#8221; css=&#8221;.vc_custom_1669283599223{margin-top: -60px !important;}&#8221;][vc_column][rev_slider_vc alias=&#8221;slider-1-1&#8243; el_class=&#8221;color-overlay-slider overlay-opacity-01&#8243;][\/vc_column][\/vc_row][vc_row css=&#8221;.vc_custom_1656520676891{padding-top: 50px !important;padding-bottom: 0px !important;}&#8221;][vc_column][vc_custom_heading text=&#8221;Benvinguts a Cal Sodhi&#8221; font_container=&#8221;tag:h1|font_size:70|text_align:center|color:%231f5f94&#8243; google_fonts=&#8221;font_family:Montez%3Aregular|font_style:400%20regular%3A400%3Anormal&#8221;][vc_custom_heading text=&#8221;Benvinguts a Les Valls d&#8217;Aguilar&#8221; font_container=&#8221;tag:h1|font_size:45|text_align:center|color:%23000000&#8243; google_fonts=&#8221;font_family:Montez%3Aregular|font_style:400%20regular%3A400%3Anormal&#8221;][vc_single_image image=&#8221;3921&#8243; img_size=&#8221;full&#8221; alignment=&#8221;center&#8221; css=&#8221;.vc_custom_1656321508643{padding-top: 15px !important;padding-bottom: -50px !important;}&#8221;][\/vc_column][\/vc_row][vc_section css=&#8221;.vc_custom_1669378357591{margin-top: 0px !important;margin-right: 0px !important;margin-bottom: 0px !important;padding-right: 0px !important;padding-bottom: 0px !important;background-color: #ffffff !important;}&#8221;][vc_row equal_height=&#8221;yes&#8221; content_placement=&#8221;middle&#8221;][vc_column width=&#8221;1\/2&#8243; css=&#8221;.vc_custom_1670007233096{padding-top: 40px !important;padding-right: 20px !important;padding-bottom: [&hellip;]<\/p>\n","protected":false},"author":1,"featured_media":0,"parent":0,"menu_order":73,"comment_status":"closed","ping_status":"closed","template":"","meta":{"_joinchat":[],"footnotes":""},"_links":{"self":[{"href":"https:\/\/lacasarural.cat\/ca\/wp-json\/wp\/v2\/pages\/60"}],"collection":[{"href":"https:\/\/lacasarural.cat\/ca\/wp-json\/wp\/v2\/pages"}],"about":[{"href":"https:\/\/lacasarural.cat\/ca\/wp-json\/wp\/v2\/types\/page"}],"author":[{"embeddable":true,"href":"https:\/\/lacasarural.cat\/ca\/wp-json\/wp\/v2\/users\/1"}],"replies":[{"embeddable":true,"href":"https:\/\/lacasarural.cat\/ca\/wp-json\/wp\/v2\/comments?post=60"}],"version-history":[{"count":556,"href":"https:\/\/lacasarural.cat\/ca\/wp-json\/wp\/v2\/pages\/60\/revisions"}],"predecessor-version":[{"id":8764,"href":"https:\/\/lacasarural.cat\/ca\/wp-json\/wp\/v2\/pages\/60\/revisions\/8764"}],"wp:attachment":[{"href":"https:\/\/lacasarural.cat\/ca\/wp-json\/wp\/v2\/media?parent=60"}],"curies":[{"name":"wp","href":"https:\/\/api.w.org\/{rel}","templated":true}]}}