{"id":2964,"date":"2018-02-17T23:15:11","date_gmt":"2018-02-17T23:15:11","guid":{"rendered":"http:\/\/lacasarural.cat\/index.php\/inicio\/"},"modified":"2024-02-06T14:05:06","modified_gmt":"2024-02-06T14:05:06","slug":"inicio","status":"publish","type":"page","link":"https:\/\/lacasarural.cat\/es\/","title":{"rendered":"INICIO"},"content":{"rendered":"<section class=\"wpb-content-wrapper\"><p>[vc_row content_placement=&#8221;top&#8221; css=&#8221;.vc_custom_1669283599223{margin-top: -60px !important;}&#8221;][vc_column][rev_slider_vc alias=&#8221;home-1&#8243; el_class=&#8221;color-overlay-slider overlay-opacity-01&#8243;][\/vc_column][\/vc_row][vc_row css=&#8221;.vc_custom_1656520676891{padding-top: 50px !important;padding-bottom: 0px !important;}&#8221;][vc_column][vc_custom_heading text=&#8221;Bienvenidos a Cal Sodhi&#8221; font_container=&#8221;tag:h1|font_size:70|text_align:center|color:%231f5f94&#8243; google_fonts=&#8221;font_family:Montez%3Aregular|font_style:400%20regular%3A400%3Anormal&#8221;][vc_custom_heading text=&#8221;Bienvenidos a Les Valls d&#8217;Aguilar&#8221; font_container=&#8221;tag:h1|font_size:45|text_align:center|color:%23000000&#8243; google_fonts=&#8221;font_family:Montez%3Aregular|font_style:400%20regular%3A400%3Anormal&#8221;][vc_single_image image=&#8221;3921&#8243; img_size=&#8221;full&#8221; alignment=&#8221;center&#8221; css=&#8221;.vc_custom_1656321508643{padding-top: 15px !important;padding-bottom: -50px !important;}&#8221;][\/vc_column][\/vc_row][vc_section css=&#8221;.vc_custom_1669378357591{margin-top: 0px !important;margin-right: 0px !important;margin-bottom: 0px !important;padding-right: 0px !important;padding-bottom: 0px !important;background-color: #ffffff !important;}&#8221;][vc_row equal_height=&#8221;yes&#8221; content_placement=&#8221;middle&#8221;][vc_column width=&#8221;1\/2&#8243; css=&#8221;.vc_custom_1670007233096{padding-top: 40px !important;padding-right: 20px !important;padding-bottom: 40px !important;padding-left: 30px !important;background-color: #ffffff !important;}&#8221;][vc_column_text css=&#8221;.vc_custom_1676384668151{margin-bottom: 5px !important;padding-top: 20px !important;padding-right: 20px !important;}&#8221;]<\/p>\n<h1><span style=\"color: #1f5f94;\">CAL SODHI<\/span> <span style=\"color: #7e9fc9;\">DE ARGESTUES<\/span><\/h1>\n<p class=\"p1\">En el peque\u00f1o pueblo de Argestues, s\u00f3lo est\u00e1n nuestras casas, una peque\u00f1a iglesia milenaria, la granja de ovejas y cabras, y la casa de nuestros \u00fanicos vecinos que llevan la granja y la tienda. Las casas est\u00e1n rodeadas de prados y bosques, con espectaculares paisajes. Somos pioneros en el uso de energ\u00edas renovables. La instalaci\u00f3n de energ\u00eda solar fotovoltaica nos da electricidad desde hace treinta a\u00f1os. El agua caliente se genera con placas solares t\u00e9rmicas y la calefacci\u00f3n se produce b\u00e1sicamente con le\u00f1a.<\/p>\n<p>[\/vc_column_text]\r\n        \r\n        <style>\r\n\t\t\t\t#btn-container-gTQ00 {\r\n\t\t\t\t\tfont-size: 15px;\r\n\t\t\t\t\tfont-weight: bold;\r\n\t\t\t\t}\r\n        #btn-gTQ00 {\r\n        \tbackground: #7e9fc9;\r\n\t\t\t\t\tborder-style: solid;\r\n        \tborder-color: #f2f2f3;\r\n\t\t\t\t\tborder-width: 0px;\r\n        \tcolor: #ffffff;\r\n\t\t\t\t\tpadding: px 25px;\r\n\t\t\t\t\tborder-radius: 0px;\r\n\t\t\t\t\tfont-size: 15px;\r\n\t\t\t\t\tline-height: 15px;\r\n\t\t\t\t\t\t\t\t\t\t\t\t\t\t\tfont-weight: bold;\r\n        }\r\n\r\n\t\t\t\t#btn-gTQ00:hover {\r\n\t\t\t\t\tbackground: #1f5f94;\r\n\t\t\t\t\tborder-color: ;\r\n\t\t\t\t\tcolor: ;\r\n\t\t\t\t\t\t\t\t\t\tbox-shadow: 0 15px 30px rgba(0, 0, 0, 0.10);\r\n\t\t\t\t\t\t\t\t\t\t\t\t\t\t\t\t\t\t\t\t-ms-transform: translateY(-2px);\r\n\t\t\t\t\ttransform: translateY(-2px);\r\n\t\t\t\t\t-webkit-transform: translateY(-2px);\r\n\t\t\t\t\t\r\n\t\t\t\t}\r\n\r\n\t\t    #btn-gTQ00 i {\r\n\t\t\t\t\tright: 14px;\r\n\t\t\t\t\tmargin-top: 0;\r\n\t\t\t\t\tvertical-align: middle;\r\n\t\t\t\t\tborder-radius: 50%;\r\n\t\t\t\t\tline-height: 20px;\r\n\t\t\t\t\theight: 20px;\r\n\t\t\t\t\twidth: 20px;\r\n\t\t\t\t\tbackground: ;\r\n\t\t\t\t\tmargin-left: 8px;\r\n\t\t\t\t\tmargin-right: 0;\r\n\t\t\t\t\tcolor: #ffffff;\r\n\t\t\t\t\tfont-size: 8px;\r\n\t\t\t\t\ttext-align: center;\r\n\t\t\t\t}\r\n\r\n\t\t\t\t #btn-gTQ00:hover i {\r\n\t\t\t\t \tbackground: ;\r\n\t\t\t\t\tcolor: ;\r\n\t\t\t\t }\r\n\r\n        <\/style>\r\n\r\n\t\t<!-- BUTTON -->\r\n        <div id=\"btn-container-gTQ00\" class=\"text-left\">\r\n\t\t\t\r\n\t\t\t\t\t<a href=\"https:\/\/lacasarural.cat\/es\/argestues-espanol\/\" id=\"btn-gTQ00\" class=\"btn \" target=\"_self\">\r\n\t\t\t\t\t\tDescubre\t\t\t\t\t\t\t\t\t\t\t\t<i class=\"fa fa-chevron-right\"><\/i>\r\n\t\t\t\t\t\t\t\t\t\t\t<\/a>\r\n\t\t\t\t\t        <\/div>\r\n\r\n        [\/vc_column][vc_column width=&#8221;1\/2&#8243; css=&#8221;.vc_custom_1676384112674{margin-left: -30px !important;}&#8221;][vc_single_image image=&#8221;6432&#8243; img_size=&#8221;full&#8221; alignment=&#8221;right&#8221;][\/vc_column][\/vc_row][vc_row content_placement=&#8221;middle&#8221; css=&#8221;.vc_custom_1669377673584{margin-top: -35px !important;}&#8221;][vc_column width=&#8221;1\/2&#8243; css=&#8221;.vc_custom_1676384554122{padding-top: 20px !important;padding-right: 20px !important;padding-bottom: 40px !important;padding-left: 20px !important;}&#8221; el_class=&#8221;vc_col-sm-push-6&#8243;][vc_column_text css=&#8221;.vc_custom_1676384757642{margin-bottom: 5px !important;padding-top: 10px !important;padding-right: 20px !important;}&#8221;]<\/p>\n<h1><span style=\"color: #1f5f94;\">CAL PASTISSER<\/span> <span style=\"color: #7e9fc9;\">DE TA\u00daS<\/span><\/h1>\n<p class=\"p1\">S\u00f3lo una docena de personas viven en el pueblecito de Ta\u00fas todo el a\u00f1o. Est\u00e1 junto a la Reserva Natural de Boumort. Los paisajes y la fauna que rodean la casa son espectaculares. Caminar por los alrededores de Ta\u00fas nos ofrece el descubrimiento de una biodiversidad s\u00f3lo comparable a la de los grandes parques naturales, puesto que es una zona muy aislada, poco poblada y desconocida. Es muy habitual ver reba\u00f1os de ciervos cuando se camina a primera hora de la ma\u00f1ana o al anochecer. La casa es confortable y rom\u00e1ntica, un refugio delicado rodeado de naturaleza de alta monta\u00f1a. La ba\u00f1era de hidromasaje tiene vistas al bosque.<\/p>\n<p>[\/vc_column_text]\r\n        \r\n        <style>\r\n\t\t\t\t#btn-container-Hsx4k {\r\n\t\t\t\t\tfont-size: 15px;\r\n\t\t\t\t\tfont-weight: bold;\r\n\t\t\t\t}\r\n        #btn-Hsx4k {\r\n        \tbackground: #7e9fc9;\r\n\t\t\t\t\tborder-style: solid;\r\n        \tborder-color: #f2f2f3;\r\n\t\t\t\t\tborder-width: 0px;\r\n        \tcolor: #ffffff;\r\n\t\t\t\t\tpadding: px 25px;\r\n\t\t\t\t\tborder-radius: 0px;\r\n\t\t\t\t\tfont-size: 15px;\r\n\t\t\t\t\tline-height: 15px;\r\n\t\t\t\t\t\t\t\t\t\t\t\t\t\t\tfont-weight: bold;\r\n        }\r\n\r\n\t\t\t\t#btn-Hsx4k:hover {\r\n\t\t\t\t\tbackground: #1f5f94;\r\n\t\t\t\t\tborder-color: ;\r\n\t\t\t\t\tcolor: ;\r\n\t\t\t\t\t\t\t\t\t\tbox-shadow: 0 15px 30px rgba(0, 0, 0, 0.10);\r\n\t\t\t\t\t\t\t\t\t\t\t\t\t\t\t\t\t\t\t\t-ms-transform: translateY(-2px);\r\n\t\t\t\t\ttransform: translateY(-2px);\r\n\t\t\t\t\t-webkit-transform: translateY(-2px);\r\n\t\t\t\t\t\r\n\t\t\t\t}\r\n\r\n\t\t    #btn-Hsx4k i {\r\n\t\t\t\t\tright: 14px;\r\n\t\t\t\t\tmargin-top: 0;\r\n\t\t\t\t\tvertical-align: middle;\r\n\t\t\t\t\tborder-radius: 50%;\r\n\t\t\t\t\tline-height: 20px;\r\n\t\t\t\t\theight: 20px;\r\n\t\t\t\t\twidth: 20px;\r\n\t\t\t\t\tbackground: ;\r\n\t\t\t\t\tmargin-left: 8px;\r\n\t\t\t\t\tmargin-right: 0;\r\n\t\t\t\t\tcolor: #ffffff;\r\n\t\t\t\t\tfont-size: 8px;\r\n\t\t\t\t\ttext-align: center;\r\n\t\t\t\t}\r\n\r\n\t\t\t\t #btn-Hsx4k:hover i {\r\n\t\t\t\t \tbackground: ;\r\n\t\t\t\t\tcolor: #ffffff;\r\n\t\t\t\t }\r\n\r\n        <\/style>\r\n\r\n\t\t<!-- BUTTON -->\r\n        <div id=\"btn-container-Hsx4k\" class=\"text-left\">\r\n\t\t\t\r\n\t\t\t\t\t<a href=\"https:\/\/lacasarural.cat\/es\/cal-pastisser-espanol\/\" id=\"btn-Hsx4k\" class=\"btn \" target=\"_self\">\r\n\t\t\t\t\t\tDescubre\t\t\t\t\t\t\t\t\t\t\t\t<i class=\"fa fa-chevron-right\"><\/i>\r\n\t\t\t\t\t\t\t\t\t\t\t<\/a>\r\n\t\t\t\t\t        <\/div>\r\n\r\n        [\/vc_column][vc_column width=&#8221;1\/2&#8243; css=&#8221;.vc_custom_1669295522333{margin-left: -15px !important;}&#8221; el_class=&#8221;vc_col-sm-pull-6&#8243;][vc_single_image image=&#8221;3629&#8243; img_size=&#8221;full&#8221;][\/vc_column][\/vc_row][vc_row content_placement=&#8221;middle&#8221; css=&#8221;.vc_custom_1676385003200{margin-top: -35px !important;margin-bottom: 25px !important;}&#8221;][vc_column width=&#8221;1\/2&#8243; css=&#8221;.vc_custom_1669424182486{padding-top: 40px !important;padding-right: 20px !important;padding-bottom: 10px !important;padding-left: 30px !important;background-color: #ffffff !important;}&#8221;][vc_column_text css=&#8221;.vc_custom_1676384807353{margin-bottom: 5px !important;padding-top: 20px !important;padding-right: 20px !important;}&#8221;]<\/p>\n<h1><span style=\"color: #1f5f94;\">LA BORDA DEL FEU<\/span> <span style=\"color: #7e9fc9;\"> EN LA GU\u00c0RDIA D&#8217;ARES<\/span><\/h1>\n<p class=\"p1\">Esta tradicional mas\u00eda catalana de monta\u00f1a se encuentra en el valle habitado m\u00e1s alto de Catalu\u00f1a. Est\u00e1 rodeada de prados y bosques, con el r\u00edo muy cerca. La naturaleza y la fauna es espl\u00e9ndida. A menudo podemos ver a los ciervos junto a casa. \u00c9ste es territorio de setas y de corzos, zorros, jabal\u00edes, buitres, \u00e1guilas. La Borda del Feu tiene grandes jardines bien cuidados con una piscina de uso exclusivo para su grupo, y una ba\u00f1era n\u00f3rdica donde el agua se calienta con le\u00f1a. Podr\u00e1 relajarse y disfrutar del silencio de la alta monta\u00f1a en un entorno natural de gran belleza.<\/p>\n<p>[\/vc_column_text]\r\n        \r\n        <style>\r\n\t\t\t\t#btn-container-VE199 {\r\n\t\t\t\t\tfont-size: 15px;\r\n\t\t\t\t\tfont-weight: bold;\r\n\t\t\t\t}\r\n        #btn-VE199 {\r\n        \tbackground: #7e9fc9;\r\n\t\t\t\t\tborder-style: solid;\r\n        \tborder-color: #f2f2f3;\r\n\t\t\t\t\tborder-width: 0px;\r\n        \tcolor: #ffffff;\r\n\t\t\t\t\tpadding: px 25px;\r\n\t\t\t\t\tborder-radius: 0px;\r\n\t\t\t\t\tfont-size: 15px;\r\n\t\t\t\t\tline-height: 15px;\r\n\t\t\t\t\t\t\t\t\t\t\t\t\t\t\tfont-weight: bold;\r\n        }\r\n\r\n\t\t\t\t#btn-VE199:hover {\r\n\t\t\t\t\tbackground: #1f5f94;\r\n\t\t\t\t\tborder-color: ;\r\n\t\t\t\t\tcolor: ;\r\n\t\t\t\t\t\t\t\t\t\tbox-shadow: 0 15px 30px rgba(0, 0, 0, 0.10);\r\n\t\t\t\t\t\t\t\t\t\t\t\t\t\t\t\t\t\t\t\t-ms-transform: translateY(-2px);\r\n\t\t\t\t\ttransform: translateY(-2px);\r\n\t\t\t\t\t-webkit-transform: translateY(-2px);\r\n\t\t\t\t\t\r\n\t\t\t\t}\r\n\r\n\t\t    #btn-VE199 i {\r\n\t\t\t\t\tright: 14px;\r\n\t\t\t\t\tmargin-top: 0;\r\n\t\t\t\t\tvertical-align: middle;\r\n\t\t\t\t\tborder-radius: 50%;\r\n\t\t\t\t\tline-height: 20px;\r\n\t\t\t\t\theight: 20px;\r\n\t\t\t\t\twidth: 20px;\r\n\t\t\t\t\tbackground: ;\r\n\t\t\t\t\tmargin-left: 8px;\r\n\t\t\t\t\tmargin-right: 0;\r\n\t\t\t\t\tcolor: #ffffff;\r\n\t\t\t\t\tfont-size: 8px;\r\n\t\t\t\t\ttext-align: center;\r\n\t\t\t\t}\r\n\r\n\t\t\t\t #btn-VE199:hover i {\r\n\t\t\t\t \tbackground: ;\r\n\t\t\t\t\tcolor: #ffffff;\r\n\t\t\t\t }\r\n\r\n        <\/style>\r\n\r\n\t\t<!-- BUTTON -->\r\n        <div id=\"btn-container-VE199\" class=\"text-left\">\r\n\t\t\t\r\n\t\t\t\t\t<a href=\"https:\/\/lacasarural.cat\/es\/la-borda-del-feu-espanol\/\" id=\"btn-VE199\" class=\"btn \" target=\"_self\">\r\n\t\t\t\t\t\tDescubre\t\t\t\t\t\t\t\t\t\t\t\t<i class=\"fa fa-chevron-right\"><\/i>\r\n\t\t\t\t\t\t\t\t\t\t\t<\/a>\r\n\t\t\t\t\t        <\/div>\r\n\r\n        [\/vc_column][vc_column width=&#8221;1\/2&#8243; css=&#8221;.vc_custom_1655930184334{margin-left: -30px !important;}&#8221;][vc_single_image image=&#8221;3634&#8243; img_size=&#8221;full&#8221; css=&#8221;.vc_custom_1656411284415{margin-bottom: 0px !important;}&#8221;][\/vc_column][\/vc_row][\/vc_section][vc_row css=&#8221;.vc_custom_1676384970103{margin-top: 60px !important;}&#8221;][vc_column][vc_custom_heading text=&#8221;El entorno&#8221; font_container=&#8221;tag:h1|font_size:70|text_align:center|color:%231f5f94&#8243; google_fonts=&#8221;font_family:Montez%3Aregular|font_style:400%20regular%3A400%3Anormal&#8221; css=&#8221;.vc_custom_1656497360652{margin-bottom: -25px !important;padding-bottom: -25px !important;}&#8221;][vc_single_image image=&#8221;3921&#8243; img_size=&#8221;full&#8221; alignment=&#8221;center&#8221; css=&#8221;.vc_custom_1656321508643{padding-top: 15px !important;padding-bottom: -50px !important;}&#8221;][\/vc_column][\/vc_row][vc_row full_width=&#8221;stretch_row_content_no_spaces&#8221; content_placement=&#8221;middle&#8221;][vc_column width=&#8221;1\/2&#8243; css=&#8221;.vc_custom_1689765987221{background-image: url(https:\/\/lacasarural.cat\/wp-content\/uploads\/2022\/11\/foto-video-argestues-2.jpg?id=6501) !important;background-position: center !important;background-repeat: no-repeat !important;background-size: cover !important;}&#8221;][vc_custom_heading text=&#8221;alrededor de Argestues&#8221; font_container=&#8221;tag:h1|font_size:45|text_align:center|color:%23d7eaf4&#8243; google_fonts=&#8221;font_family:Montez%3Aregular|font_style:400%20regular%3A400%3Anormal&#8221; css=&#8221;.vc_custom_1668506823593{margin-bottom: -15px !important;padding-top: 20px !important;padding-bottom: -25px !important;}&#8221;]\r\n        <div class=\"video_popup\">\r\n            <a class=\"popup-vimeo\" href=\"https:\/\/www.youtube.com\/watch?v=di0TrfGxPec\"><i class=\"las la-play\"><\/i><\/a>\r\n        <\/div>\r\n\r\n        [\/vc_column][vc_column width=&#8221;1\/2&#8243; css=&#8221;.vc_custom_1689766018766{background-image: url(https:\/\/lacasarural.cat\/wp-content\/uploads\/2022\/11\/brama-video.jpg?id=6784) !important;background-position: center !important;background-repeat: no-repeat !important;background-size: cover !important;}&#8221;][vc_custom_heading text=&#8221;alrededor de Ta\u00fas y La Gu\u00e0rdia d&#8217;Ares&#8221; font_container=&#8221;tag:h1|font_size:45|text_align:center|color:%23d0dab6&#8243; google_fonts=&#8221;font_family:Montez%3Aregular|font_style:400%20regular%3A400%3Anormal&#8221; css=&#8221;.vc_custom_1662664134858{margin-bottom: -15px !important;padding-top: 20px !important;padding-bottom: -25px !important;}&#8221;]\r\n        <div class=\"video_popup\">\r\n            <a class=\"popup-vimeo\" href=\"https:\/\/vimeo.com\/248534430\"><i class=\"las la-play\"><\/i><\/a>\r\n        <\/div>\r\n\r\n        [\/vc_column][\/vc_row][vc_row css=&#8221;.vc_custom_1657878916221{margin-top: 60px !important;}&#8221;][vc_column][vc_custom_heading text=&#8221;Actividades&#8221; font_container=&#8221;tag:h1|font_size:70|text_align:center|color:%231f5f94&#8243; google_fonts=&#8221;font_family:Montez%3Aregular|font_style:400%20regular%3A400%3Anormal&#8221; css=&#8221;.vc_custom_1657359311916{margin-bottom: -25px !important;padding-bottom: -25px !important;}&#8221;][vc_single_image image=&#8221;3921&#8243; img_size=&#8221;full&#8221; alignment=&#8221;center&#8221; css=&#8221;.vc_custom_1662664536717{margin-bottom: -15px !important;padding-top: 15px !important;padding-bottom: -50px !important;}&#8221;][\/vc_column][\/vc_row][vc_row full_width=&#8221;stretch_row&#8221; css=&#8221;.vc_custom_1657820031924{padding-top: 40px !important;}&#8221;][vc_column][vc_wp_text][\/vc_wp_text][\/vc_column][\/vc_row]<\/p>\n<\/section>","protected":false},"excerpt":{"rendered":"<p>[vc_row content_placement=&#8221;top&#8221; css=&#8221;.vc_custom_1669283599223{margin-top: -60px !important;}&#8221;][vc_column][rev_slider_vc alias=&#8221;home-1&#8243; el_class=&#8221;color-overlay-slider overlay-opacity-01&#8243;][\/vc_column][\/vc_row][vc_row css=&#8221;.vc_custom_1656520676891{padding-top: 50px !important;padding-bottom: 0px !important;}&#8221;][vc_column][vc_custom_heading text=&#8221;Bienvenidos a Cal Sodhi&#8221; font_container=&#8221;tag:h1|font_size:70|text_align:center|color:%231f5f94&#8243; google_fonts=&#8221;font_family:Montez%3Aregular|font_style:400%20regular%3A400%3Anormal&#8221;][vc_custom_heading text=&#8221;Bienvenidos a Les Valls d&#8217;Aguilar&#8221; font_container=&#8221;tag:h1|font_size:45|text_align:center|color:%23000000&#8243; google_fonts=&#8221;font_family:Montez%3Aregular|font_style:400%20regular%3A400%3Anormal&#8221;][vc_single_image image=&#8221;3921&#8243; img_size=&#8221;full&#8221; alignment=&#8221;center&#8221; css=&#8221;.vc_custom_1656321508643{padding-top: 15px !important;padding-bottom: -50px !important;}&#8221;][\/vc_column][\/vc_row][vc_section css=&#8221;.vc_custom_1669378357591{margin-top: 0px !important;margin-right: 0px !important;margin-bottom: 0px !important;padding-right: 0px !important;padding-bottom: 0px !important;background-color: #ffffff !important;}&#8221;][vc_row equal_height=&#8221;yes&#8221; content_placement=&#8221;middle&#8221;][vc_column width=&#8221;1\/2&#8243; css=&#8221;.vc_custom_1670007233096{padding-top: 40px !important;padding-right: 20px !important;padding-bottom: [&hellip;]<\/p>\n","protected":false},"author":1,"featured_media":0,"parent":0,"menu_order":73,"comment_status":"closed","ping_status":"closed","template":"","meta":{"_joinchat":[],"footnotes":""},"_links":{"self":[{"href":"https:\/\/lacasarural.cat\/es\/wp-json\/wp\/v2\/pages\/2964"}],"collection":[{"href":"https:\/\/lacasarural.cat\/es\/wp-json\/wp\/v2\/pages"}],"about":[{"href":"https:\/\/lacasarural.cat\/es\/wp-json\/wp\/v2\/types\/page"}],"author":[{"embeddable":true,"href":"https:\/\/lacasarural.cat\/es\/wp-json\/wp\/v2\/users\/1"}],"replies":[{"embeddable":true,"href":"https:\/\/lacasarural.cat\/es\/wp-json\/wp\/v2\/comments?post=2964"}],"version-history":[{"count":108,"href":"https:\/\/lacasarural.cat\/es\/wp-json\/wp\/v2\/pages\/2964\/revisions"}],"predecessor-version":[{"id":8765,"href":"https:\/\/lacasarural.cat\/es\/wp-json\/wp\/v2\/pages\/2964\/revisions\/8765"}],"wp:attachment":[{"href":"https:\/\/lacasarural.cat\/es\/wp-json\/wp\/v2\/media?parent=2964"}],"curies":[{"name":"wp","href":"https:\/\/api.w.org\/{rel}","templated":true}]}}